{"id":151,"date":"2020-04-27T21:28:42","date_gmt":"2020-04-27T21:28:42","guid":{"rendered":"https:\/\/ryancv-demo.bslthemes.com\/?page_id=29"},"modified":"2024-06-20T08:50:32","modified_gmt":"2024-06-20T08:50:32","slug":"home","status":"publish","type":"page","link":"https:\/\/marcoz.digkard.com\/","title":{"rendered":"Inicio"},"content":{"rendered":"\t\t<div data-elementor-type=\"wp-page\" data-elementor-id=\"151\" class=\"elementor elementor-151\" data-elementor-post-type=\"page\">\n\t\t\t\t<div class=\"elementor-element elementor-element-41f290f e-flex e-con-boxed e-con e-parent\" data-id=\"41f290f\" data-element_type=\"container\">\n\t\t\t\t\t<div class=\"e-con-inner\">\n\t\t\t\t<div class=\"elementor-element elementor-element-bee96a2 elementor-widget elementor-widget-image\" data-id=\"bee96a2\" data-element_type=\"widget\" data-widget_type=\"image.default\">\n\t\t\t\t<div class=\"elementor-widget-container\">\n\t\t\t<style>\/*! elementor - v3.21.0 - 22-05-2024 *\/\n.elementor-widget-image{text-align:center}.elementor-widget-image a{display:inline-block}.elementor-widget-image a img[src$=\".svg\"]{width:48px}.elementor-widget-image img{vertical-align:middle;display:inline-block}<\/style>\t\t\t\t\t\t\t\t\t\t\t<a href=\"#\">\n\t\t\t\t\t\t\t<img decoding=\"async\" width=\"310\" height=\"75\" src=\"https:\/\/marcoz.digkard.com\/wp-content\/uploads\/2024\/05\/fire_3.webp\" class=\"attachment-large size-large wp-image-537\" alt=\"\" srcset=\"https:\/\/marcoz.digkard.com\/wp-content\/uploads\/2024\/05\/fire_3.webp 310w, https:\/\/marcoz.digkard.com\/wp-content\/uploads\/2024\/05\/fire_3-300x73.webp 300w, https:\/\/marcoz.digkard.com\/wp-content\/uploads\/2024\/05\/fire_3-184x45.webp 184w\" sizes=\"(max-width: 310px) 100vw, 310px\" \/>\t\t\t\t\t\t\t\t<\/a>\n\t\t\t\t\t\t\t\t\t\t\t\t\t<\/div>\n\t\t\t\t<\/div>\n\t\t\t\t<div class=\"elementor-element elementor-element-38c4c00 elementor-view-default elementor-widget elementor-widget-icon\" data-id=\"38c4c00\" data-element_type=\"widget\" data-widget_type=\"icon.default\">\n\t\t\t\t<div class=\"elementor-widget-container\">\n\t\t\t\t\t<div class=\"elementor-icon-wrapper\">\n\t\t\t<div class=\"elementor-icon\">\n\t\t\t<svg aria-hidden=\"true\" class=\"e-font-icon-svg e-fas-hand-point-up\" viewBox=\"0 0 384 512\" xmlns=\"http:\/\/www.w3.org\/2000\/svg\"><path d=\"M135.652 0c23.625 0 43.826 20.65 43.826 44.8v99.851c17.048-16.34 49.766-18.346 70.944 6.299 22.829-14.288 53.017-2.147 62.315 16.45C361.878 158.426 384 189.346 384 240c0 2.746-.203 13.276-.195 16 .168 61.971-31.065 76.894-38.315 123.731C343.683 391.404 333.599 400 321.786 400H150.261l-.001-.002c-18.366-.011-35.889-10.607-43.845-28.464C93.421 342.648 57.377 276.122 29.092 264 10.897 256.203.008 242.616 0 224c-.014-34.222 35.098-57.752 66.908-44.119 8.359 3.583 16.67 8.312 24.918 14.153V44.8c0-23.45 20.543-44.8 43.826-44.8zM136 416h192c13.255 0 24 10.745 24 24v48c0 13.255-10.745 24-24 24H136c-13.255 0-24-10.745-24-24v-48c0-13.255 10.745-24 24-24zm168 28c-11.046 0-20 8.954-20 20s8.954 20 20 20 20-8.954 20-20-8.954-20-20-20z\"><\/path><\/svg>\t\t\t<\/div>\n\t\t<\/div>\n\t\t\t\t<\/div>\n\t\t\t\t<\/div>\n\t\t\t\t\t<\/div>\n\t\t\t\t<\/div>\n\t\t\t\t<section class=\"elementor-section elementor-top-section elementor-element elementor-element-1368f2f elementor-section-full_width elementor-section-height-default elementor-section-height-default\" data-id=\"1368f2f\" data-element_type=\"section\">\n\t\t\t\t\t\t<div class=\"elementor-container elementor-column-gap-no\">\n\t\t\t\t\t<div class=\"elementor-column elementor-col-100 elementor-top-column elementor-element elementor-element-8d69b8b\" data-id=\"8d69b8b\" data-element_type=\"column\">\n\t\t\t<div class=\"elementor-widget-wrap elementor-element-populated\">\n\t\t\t\t\t\t<div class=\"elementor-element elementor-element-b939dc4 elementor-widget elementor-widget-ryancv-about-me\" data-id=\"b939dc4\" data-element_type=\"widget\" data-widget_type=\"ryancv-about-me.default\">\n\t\t\t\t<div class=\"elementor-widget-container\">\n\t\t\t\n\t\t<!-- About -->\n\t\t<div class=\"content about\">\n\n\t\t\t\t\t\t<!-- title -->\n\t\t\t<div class=\"title\">\n\t\t\t\t<span >MarcoZ Painting &amp; Handyman<\/span>\n\t\t\t<\/div>\n\t\t\t\n\t\t\t<!-- content -->\n\t\t\t<div class=\"row\">\n\t\t\t\t\n\t\t\t\t\t\t\t\t<div class=\"col col-d-6 col-t-12 col-m-12 border-line-v\">\n\t\t\t\t\t<div class=\"text-box\">\n\t\t\t\t\t\t<div ><p>MarcoZ Painting &amp; Handyman Soy un inmigrante\u00a0 que teva ayudar en cualquier proyecto de pintura y reparaci\u00f3n en tu casa ll\u00e1mame y encontraremos ambos la soluci\u00f3n a tu requerimiento.<\/p><p>servicios de pintura y mantenimiento del hogar de la m\u00e1s alta calidad, garantizando la completa satisfacci\u00f3n del cliente en cada proyecto. Los valores que gu\u00edan a mi persona incluyen:<\/p><p>\u00a0<\/p><p><strong>Calidad<\/strong>: Compromiso con el uso de materiales de primera clase y t\u00e9cnicas avanzadas para asegurar resultados duraderos y est\u00e9ticamente agradables.<\/p><p><strong>Integridad<\/strong>: Actuar con honestidad y transparencia en todas las interacciones con los clientes.<\/p><p><strong>Profesionalismo<\/strong>: Mantener un alto nivel de profesionalismo en cada aspecto del negocio, desde la cotizaci\u00f3n hasta la finalizaci\u00f3n del trabajo.<\/p><p><strong>Atenci\u00f3n al Cliente<\/strong>: Priorizar las necesidades y expectativas de los clientes, asegurando una comunicaci\u00f3n abierta y un servicio personalizado.<\/p><\/div>\n\t\t\t\t\t<\/div>\n\t\t\t\t<\/div>\n\t\t\t\t\n\t\t\t\t\n\t\t\t\t<div class=\"clear\"><\/div>\n\t\t\t<\/div>\n\n\t\t<\/div>\n\n\t\t\t\t<\/div>\n\t\t\t\t<\/div>\n\t\t\t\t\t<\/div>\n\t\t<\/div>\n\t\t\t\t\t<\/div>\n\t\t<\/section>\n\t\t\t\t<\/div>\n\t\t","protected":false},"excerpt":{"rendered":"<p>MarcoZ Painting &amp; Handyman MarcoZ Painting &amp; Handyman Soy un inmigrante\u00a0 que teva ayudar en cualquier proyecto de pintura y&#8230;<\/p>\n","protected":false},"author":1,"featured_media":0,"parent":0,"menu_order":0,"comment_status":"closed","ping_status":"closed","template":"template-elementor-builder.php","meta":{"footnotes":""},"class_list":["post-151","page","type-page","status-publish","hentry"],"acf":[],"_links":{"self":[{"href":"https:\/\/marcoz.digkard.com\/index.php\/wp-json\/wp\/v2\/pages\/151","targetHints":{"allow":["GET"]}}],"collection":[{"href":"https:\/\/marcoz.digkard.com\/index.php\/wp-json\/wp\/v2\/pages"}],"about":[{"href":"https:\/\/marcoz.digkard.com\/index.php\/wp-json\/wp\/v2\/types\/page"}],"author":[{"embeddable":true,"href":"https:\/\/marcoz.digkard.com\/index.php\/wp-json\/wp\/v2\/users\/1"}],"replies":[{"embeddable":true,"href":"https:\/\/marcoz.digkard.com\/index.php\/wp-json\/wp\/v2\/comments?post=151"}],"version-history":[{"count":15,"href":"https:\/\/marcoz.digkard.com\/index.php\/wp-json\/wp\/v2\/pages\/151\/revisions"}],"predecessor-version":[{"id":626,"href":"https:\/\/marcoz.digkard.com\/index.php\/wp-json\/wp\/v2\/pages\/151\/revisions\/626"}],"wp:attachment":[{"href":"https:\/\/marcoz.digkard.com\/index.php\/wp-json\/wp\/v2\/media?parent=151"}],"curies":[{"name":"wp","href":"https:\/\/api.w.org\/{rel}","templated":true}]}}